{"id":20464,"date":"2023-11-15T20:31:13","date_gmt":"2023-11-15T20:31:13","guid":{"rendered":"https:\/\/chocangels.fr\/?post_type=product&#038;p=20464"},"modified":"2024-10-26T04:10:57","modified_gmt":"2024-10-26T04:10:57","slug":"tablette-chocolat-chocangels","status":"publish","type":"product","link":"https:\/\/chocangels.fr\/index.php\/product\/tablette-chocolat-chocangels\/","title":{"rendered":"tablette chocolat chocangels"},"content":{"rendered":"<p>tablette au logo de la maison<\/p>\n<p>chocolat fabrication par la chocolaterie Torres \u00e0 Prades 66600<\/p>\n<p>chocolat origine 70% \u00e9quateur ou \u00e9quateur lait 40%<\/p>\n<p>tablette 100 g<\/p>\n<p>&nbsp;<\/p>\n<p>prix 7 \u20ac<\/p>\n","protected":false},"excerpt":{"rendered":"<p>tablette au logo de la maison chocolat fabrication par la chocolaterie Torres \u00e0 Prades 66600 chocolat origine 70% \u00e9quateur ou \u00e9quateur lait 40% tablette 100 g &nbsp; prix 7 \u20ac<\/p>\n","protected":false},"featured_media":20474,"comment_status":"open","ping_status":"closed","template":"","meta":[],"product_cat":[107],"product_tag":[],"_links":{"self":[{"href":"https:\/\/chocangels.fr\/index.php\/wp-json\/wp\/v2\/product\/20464"}],"collection":[{"href":"https:\/\/chocangels.fr\/index.php\/wp-json\/wp\/v2\/product"}],"about":[{"href":"https:\/\/chocangels.fr\/index.php\/wp-json\/wp\/v2\/types\/product"}],"replies":[{"embeddable":true,"href":"https:\/\/chocangels.fr\/index.php\/wp-json\/wp\/v2\/comments?post=20464"}],"version-history":[{"count":2,"href":"https:\/\/chocangels.fr\/index.php\/wp-json\/wp\/v2\/product\/20464\/revisions"}],"predecessor-version":[{"id":26127,"href":"https:\/\/chocangels.fr\/index.php\/wp-json\/wp\/v2\/product\/20464\/revisions\/26127"}],"wp:featuredmedia":[{"embeddable":true,"href":"https:\/\/chocangels.fr\/index.php\/wp-json\/wp\/v2\/media\/20474"}],"wp:attachment":[{"href":"https:\/\/chocangels.fr\/index.php\/wp-json\/wp\/v2\/media?parent=20464"}],"wp:term":[{"taxonomy":"product_cat","embeddable":true,"href":"https:\/\/chocangels.fr\/index.php\/wp-json\/wp\/v2\/product_cat?post=20464"},{"taxonomy":"product_tag","embeddable":true,"href":"https:\/\/chocangels.fr\/index.php\/wp-json\/wp\/v2\/product_tag?post=20464"}],"curies":[{"name":"wp","href":"https:\/\/api.w.org\/{rel}","templated":true}]}}