{"id":15846,"date":"2023-01-07T22:13:18","date_gmt":"2023-01-07T22:13:18","guid":{"rendered":"https:\/\/chocangels.fr\/?post_type=product&#038;p=15846"},"modified":"2025-01-19T13:24:58","modified_gmt":"2025-01-19T13:24:58","slug":"la-forca-real","status":"publish","type":"product","link":"https:\/\/chocangels.fr\/index.php\/product\/la-forca-real\/","title":{"rendered":"la for\u00e7a R\u00e9al"},"content":{"rendered":"<p>galette des rois brioch\u00e9e 8 bonne parts , disponible sur commande tout le mois de janvier<\/p>\n<p>brioche feuillet\u00e9e pur beurre , garnie d&#8217;une cr\u00e8me amande , un craquelin gourmand , p\u00e9tales de fondants , fruit confits<\/p>\n<p>pas d&#8217;exp\u00e9dition<\/p>\n<p>deux tailles disponibles:<\/p>\n<p>la 6 parts copieuse : 15 \u20ac<\/p>\n<p>la 10 parts : 20 \u20ac<\/p>\n<p>pas d&#8217;exp\u00e9ditions livraison sur le secteur<\/p>\n","protected":false},"excerpt":{"rendered":"<p>galette des rois brioch\u00e9e 8 bonne parts , disponible sur commande tout le mois de janvier brioche feuillet\u00e9e pur beurre , garnie d&#8217;une cr\u00e8me amande , un craquelin gourmand , p\u00e9tales de fondants , fruit confits pas d&#8217;exp\u00e9dition deux tailles disponibles: la 6 parts copieuse : 15 \u20ac la 10 parts : 20 \u20ac pas [&hellip;]<\/p>\n","protected":false},"featured_media":15851,"comment_status":"open","ping_status":"closed","template":"","meta":[],"product_cat":[104],"product_tag":[],"_links":{"self":[{"href":"https:\/\/chocangels.fr\/index.php\/wp-json\/wp\/v2\/product\/15846"}],"collection":[{"href":"https:\/\/chocangels.fr\/index.php\/wp-json\/wp\/v2\/product"}],"about":[{"href":"https:\/\/chocangels.fr\/index.php\/wp-json\/wp\/v2\/types\/product"}],"replies":[{"embeddable":true,"href":"https:\/\/chocangels.fr\/index.php\/wp-json\/wp\/v2\/comments?post=15846"}],"version-history":[{"count":2,"href":"https:\/\/chocangels.fr\/index.php\/wp-json\/wp\/v2\/product\/15846\/revisions"}],"predecessor-version":[{"id":21330,"href":"https:\/\/chocangels.fr\/index.php\/wp-json\/wp\/v2\/product\/15846\/revisions\/21330"}],"wp:featuredmedia":[{"embeddable":true,"href":"https:\/\/chocangels.fr\/index.php\/wp-json\/wp\/v2\/media\/15851"}],"wp:attachment":[{"href":"https:\/\/chocangels.fr\/index.php\/wp-json\/wp\/v2\/media?parent=15846"}],"wp:term":[{"taxonomy":"product_cat","embeddable":true,"href":"https:\/\/chocangels.fr\/index.php\/wp-json\/wp\/v2\/product_cat?post=15846"},{"taxonomy":"product_tag","embeddable":true,"href":"https:\/\/chocangels.fr\/index.php\/wp-json\/wp\/v2\/product_tag?post=15846"}],"curies":[{"name":"wp","href":"https:\/\/api.w.org\/{rel}","templated":true}]}}