{"id":14302,"date":"2022-11-12T19:58:43","date_gmt":"2022-11-12T19:58:43","guid":{"rendered":"https:\/\/chocangels.fr\/?post_type=product&#038;p=14302"},"modified":"2023-11-15T20:21:55","modified_gmt":"2023-11-15T20:21:55","slug":"noisette-chocolatees-au-piments-despelette-aop","status":"publish","type":"product","link":"https:\/\/chocangels.fr\/index.php\/product\/noisette-chocolatees-au-piments-despelette-aop\/","title":{"rendered":"noisette chocolat\u00e9es au piments d&#8217;Espelette AOP"},"content":{"rendered":"<p>noisette chocolat\u00e9es au piment d&#8217;Espelette AOP<\/p>\n<p>poids produit : 100 g<\/p>\n<p>Kcal total : 595 (595Kcal\/100 g )<\/p>\n<p>Kjoule total : 2738 ( 2738 kjoule\/ 100 g)<\/p>\n<p>nombre ingr\u00e9dient : 3<\/p>\n<p>colorant : 0<\/p>\n<p>liste des allerg\u00e8nes: lait , soja, fruits a coques, piments d&#8217;Espelette<\/p>\n<p>composition:<\/p>\n<p>chocolat au lait 34% ( 61%) , noisettes enti\u00e8res torr\u00e9fi\u00e9es ( 38%) , piment d&#8217;Espelette ( 1%) ,<\/p>\n<p>\u00e0 conserver \u00e0 T\u00b0C : ambiante 20\u00b0C , \u00e0 l&#8217;abri de la chaleur et humidit\u00e9<\/p>\n<p>DDM : 12 mois<\/p>\n","protected":false},"excerpt":{"rendered":"<p>noisette chocolat\u00e9es au piment d&#8217;Espelette AOP poids produit : 100 g Kcal total : 595 (595Kcal\/100 g ) Kjoule total : 2738 ( 2738 kjoule\/ 100 g) nombre ingr\u00e9dient : 3 colorant : 0 liste des allerg\u00e8nes: lait , soja, fruits a coques, piments d&#8217;Espelette composition: chocolat au lait 34% ( 61%) , noisettes enti\u00e8res [&hellip;]<\/p>\n","protected":false},"featured_media":20455,"comment_status":"open","ping_status":"closed","template":"","meta":[],"product_cat":[107],"product_tag":[],"_links":{"self":[{"href":"https:\/\/chocangels.fr\/index.php\/wp-json\/wp\/v2\/product\/14302"}],"collection":[{"href":"https:\/\/chocangels.fr\/index.php\/wp-json\/wp\/v2\/product"}],"about":[{"href":"https:\/\/chocangels.fr\/index.php\/wp-json\/wp\/v2\/types\/product"}],"replies":[{"embeddable":true,"href":"https:\/\/chocangels.fr\/index.php\/wp-json\/wp\/v2\/comments?post=14302"}],"version-history":[{"count":4,"href":"https:\/\/chocangels.fr\/index.php\/wp-json\/wp\/v2\/product\/14302\/revisions"}],"predecessor-version":[{"id":20462,"href":"https:\/\/chocangels.fr\/index.php\/wp-json\/wp\/v2\/product\/14302\/revisions\/20462"}],"wp:featuredmedia":[{"embeddable":true,"href":"https:\/\/chocangels.fr\/index.php\/wp-json\/wp\/v2\/media\/20455"}],"wp:attachment":[{"href":"https:\/\/chocangels.fr\/index.php\/wp-json\/wp\/v2\/media?parent=14302"}],"wp:term":[{"taxonomy":"product_cat","embeddable":true,"href":"https:\/\/chocangels.fr\/index.php\/wp-json\/wp\/v2\/product_cat?post=14302"},{"taxonomy":"product_tag","embeddable":true,"href":"https:\/\/chocangels.fr\/index.php\/wp-json\/wp\/v2\/product_tag?post=14302"}],"curies":[{"name":"wp","href":"https:\/\/api.w.org\/{rel}","templated":true}]}}