{"id":14146,"date":"2022-11-12T12:34:45","date_gmt":"2022-11-12T12:34:45","guid":{"rendered":"https:\/\/chocangels.fr\/?post_type=product&#038;p=14146"},"modified":"2022-11-12T20:30:31","modified_gmt":"2022-11-12T20:30:31","slug":"rocher-praline-chocolat-noir","status":"publish","type":"product","link":"https:\/\/chocangels.fr\/index.php\/product\/rocher-praline-chocolat-noir\/","title":{"rendered":"rocher pralin\u00e9 chocolat noir"},"content":{"rendered":"<p>rocher au pralin\u00e9 maison &#8216; amandes\/noisette&#8221; enrob\u00e9es d&#8217;un chocolat noir 64% de cacao<\/p>\n<p>poids produit : 150 g<\/p>\n<p>prix au kg : 55 \u20ac<\/p>\n<p>kcal total: 538 (538 kcal \/100 g)<\/p>\n<p>Kjoule total: 2474 ( 2474 Kjoule \/ 100 g )<\/p>\n<p>nombre ingr\u00e9dients : 7<\/p>\n<p>colorant : 0<\/p>\n<p>liste des allerg\u00e8nes: fruit \u00e0 coques amande et noisette , lait , soja , c\u00e9r\u00e9ales contenant du gluten, \u0153ufs<\/p>\n<p>composition: saccharose (25 %) , chocolat lait ( 20%) , amandes torr\u00e9fi\u00e9es (20%) , noisette ( 5%) , amandes hach\u00e9es grill\u00e9es ( 10%) , biscuit \u00e9miett\u00e9 ( 5%)<\/p>\n<p>\u00e0 conserver : \u00e0 temp\u00e9rature ambiante 20\u00b0C , \u00e0 l&#8217;abri de la chaleur et humidit\u00e9 ,<\/p>\n<p>DDM : 12 mois<\/p>\n<p>&nbsp;<\/p>\n","protected":false},"excerpt":{"rendered":"<p>rocher au pralin\u00e9 maison &#8216; amandes\/noisette&#8221; enrob\u00e9es d&#8217;un chocolat noir 64% de cacao poids produit : 150 g prix au kg : 55 \u20ac kcal total: 538 (538 kcal \/100 g) Kjoule total: 2474 ( 2474 Kjoule \/ 100 g ) nombre ingr\u00e9dients : 7 colorant : 0 liste des allerg\u00e8nes: fruit \u00e0 coques amande [&hellip;]<\/p>\n","protected":false},"featured_media":14195,"comment_status":"open","ping_status":"closed","template":"","meta":[],"product_cat":[107],"product_tag":[],"_links":{"self":[{"href":"https:\/\/chocangels.fr\/index.php\/wp-json\/wp\/v2\/product\/14146"}],"collection":[{"href":"https:\/\/chocangels.fr\/index.php\/wp-json\/wp\/v2\/product"}],"about":[{"href":"https:\/\/chocangels.fr\/index.php\/wp-json\/wp\/v2\/types\/product"}],"replies":[{"embeddable":true,"href":"https:\/\/chocangels.fr\/index.php\/wp-json\/wp\/v2\/comments?post=14146"}],"version-history":[{"count":3,"href":"https:\/\/chocangels.fr\/index.php\/wp-json\/wp\/v2\/product\/14146\/revisions"}],"predecessor-version":[{"id":14327,"href":"https:\/\/chocangels.fr\/index.php\/wp-json\/wp\/v2\/product\/14146\/revisions\/14327"}],"wp:featuredmedia":[{"embeddable":true,"href":"https:\/\/chocangels.fr\/index.php\/wp-json\/wp\/v2\/media\/14195"}],"wp:attachment":[{"href":"https:\/\/chocangels.fr\/index.php\/wp-json\/wp\/v2\/media?parent=14146"}],"wp:term":[{"taxonomy":"product_cat","embeddable":true,"href":"https:\/\/chocangels.fr\/index.php\/wp-json\/wp\/v2\/product_cat?post=14146"},{"taxonomy":"product_tag","embeddable":true,"href":"https:\/\/chocangels.fr\/index.php\/wp-json\/wp\/v2\/product_tag?post=14146"}],"curies":[{"name":"wp","href":"https:\/\/api.w.org\/{rel}","templated":true}]}}