{"id":14086,"date":"2022-11-12T12:26:12","date_gmt":"2022-11-12T12:26:12","guid":{"rendered":"https:\/\/chocangels.fr\/?post_type=product&#038;p=14086"},"modified":"2023-11-15T19:20:27","modified_gmt":"2023-11-15T19:20:27","slug":"cailloux-du-tech","status":"publish","type":"product","link":"https:\/\/chocangels.fr\/index.php\/product\/cailloux-du-tech\/","title":{"rendered":"cailloux du Tech"},"content":{"rendered":"<p>les pralines rose version catalane , 40% de fruit<\/p>\n<p>4 euro le sachet de 150 g<\/p>\n<p>poids du sachet : 150 g<\/p>\n<p>Kcal total: 731 ( 487 kcal \/ 100 g )<\/p>\n<p>Kjoule total: 3362 ( 2242 Kjoule \/ 100 g)<\/p>\n<p>nombre ingr\u00e9dients : 3<\/p>\n<p>colorant : 1 rouge<\/p>\n<p>liste des allerg\u00e8nes : fruits \u00e0 coques amandes<\/p>\n<p>composition: saccharose (58%), amandes enti\u00e8res ( 42%), colorant rouge &lt; 1%),<\/p>\n<p>\u00e0 conserver \u00e0 temp\u00e9rature ambiante : 20 ]C, \u00e0 l&#8217;abri de la chaleur et humidit\u00e9<\/p>\n<p>DDM: 12 mois<\/p>\n<p>&nbsp;<\/p>\n<p>&nbsp;<\/p>\n","protected":false},"excerpt":{"rendered":"<p>les pralines rose version catalane , 40% de fruit 4 euro le sachet de 150 g poids du sachet : 150 g Kcal total: 731 ( 487 kcal \/ 100 g ) Kjoule total: 3362 ( 2242 Kjoule \/ 100 g) nombre ingr\u00e9dients : 3 colorant : 1 rouge liste des allerg\u00e8nes : fruits \u00e0 [&hellip;]<\/p>\n","protected":false},"featured_media":14091,"comment_status":"open","ping_status":"closed","template":"","meta":[],"product_cat":[103],"product_tag":[],"_links":{"self":[{"href":"https:\/\/chocangels.fr\/index.php\/wp-json\/wp\/v2\/product\/14086"}],"collection":[{"href":"https:\/\/chocangels.fr\/index.php\/wp-json\/wp\/v2\/product"}],"about":[{"href":"https:\/\/chocangels.fr\/index.php\/wp-json\/wp\/v2\/types\/product"}],"replies":[{"embeddable":true,"href":"https:\/\/chocangels.fr\/index.php\/wp-json\/wp\/v2\/comments?post=14086"}],"version-history":[{"count":5,"href":"https:\/\/chocangels.fr\/index.php\/wp-json\/wp\/v2\/product\/14086\/revisions"}],"predecessor-version":[{"id":20140,"href":"https:\/\/chocangels.fr\/index.php\/wp-json\/wp\/v2\/product\/14086\/revisions\/20140"}],"wp:featuredmedia":[{"embeddable":true,"href":"https:\/\/chocangels.fr\/index.php\/wp-json\/wp\/v2\/media\/14091"}],"wp:attachment":[{"href":"https:\/\/chocangels.fr\/index.php\/wp-json\/wp\/v2\/media?parent=14086"}],"wp:term":[{"taxonomy":"product_cat","embeddable":true,"href":"https:\/\/chocangels.fr\/index.php\/wp-json\/wp\/v2\/product_cat?post=14086"},{"taxonomy":"product_tag","embeddable":true,"href":"https:\/\/chocangels.fr\/index.php\/wp-json\/wp\/v2\/product_tag?post=14086"}],"curies":[{"name":"wp","href":"https:\/\/api.w.org\/{rel}","templated":true}]}}