{"id":12879,"date":"2022-07-12T08:05:05","date_gmt":"2022-07-12T08:05:05","guid":{"rendered":"https:\/\/chocangels.fr\/?post_type=product&#038;p=12879"},"modified":"2023-11-15T19:29:02","modified_gmt":"2023-11-15T19:29:02","slug":"praline-amande","status":"publish","type":"product","link":"https:\/\/chocangels.fr\/index.php\/product\/praline-amande\/","title":{"rendered":"pralin\u00e9 amande"},"content":{"rendered":"\t\t<div data-elementor-type=\"wp-post\" data-elementor-id=\"12879\" class=\"elementor elementor-12879\">\n\t\t\t\t\t\t<section class=\"elementor-section elementor-top-section elementor-element elementor-element-2567af9d elementor-section-boxed elementor-section-height-default elementor-section-height-default qodef-elementor-content-no\" data-id=\"2567af9d\" data-element_type=\"section\">\n\t\t\t\t\t\t<div class=\"elementor-container elementor-column-gap-default\">\n\t\t\t\t\t<div class=\"elementor-column elementor-col-100 elementor-top-column elementor-element elementor-element-26cff380\" data-id=\"26cff380\" data-element_type=\"column\">\n\t\t\t<div class=\"elementor-widget-wrap elementor-element-populated\">\n\t\t\t\t\t\t<div class=\"elementor-element elementor-element-348bee7f elementor-widget elementor-widget-text-editor\" data-id=\"348bee7f\" data-element_type=\"widget\" data-widget_type=\"text-editor.default\">\n\t\t\t\t<div class=\"elementor-widget-container\">\n\t\t\t<style>\/*! elementor - v3.20.0 - 20-03-2024 *\/\n.elementor-widget-text-editor.elementor-drop-cap-view-stacked .elementor-drop-cap{background-color:#69727d;color:#fff}.elementor-widget-text-editor.elementor-drop-cap-view-framed .elementor-drop-cap{color:#69727d;border:3px solid;background-color:transparent}.elementor-widget-text-editor:not(.elementor-drop-cap-view-default) .elementor-drop-cap{margin-top:8px}.elementor-widget-text-editor:not(.elementor-drop-cap-view-default) .elementor-drop-cap-letter{width:1em;height:1em}.elementor-widget-text-editor .elementor-drop-cap{float:left;text-align:center;line-height:1;font-size:50px}.elementor-widget-text-editor .elementor-drop-cap-letter{display:inline-block}<\/style>\t\t\t\t<p>poids produit : 200<strong>\u00a0g<\/strong><\/p><p>Kcal Total: <strong>514<\/strong> (514Kcal \/100 g)<\/p><p>Kjoule Total:<strong> 3262<\/strong> (2362KJoule \/100 g)<\/p><p>nombre ingr\u00e9dients: <strong>3<\/strong><\/p><p>colorant : <strong>0<\/strong><\/p><p>liste des allerg\u00e8nes : <strong>fruits \u00e0 coques<\/strong><\/p><p><strong>compositions<\/strong> : amande enti\u00e8res <strong>(52%)<\/strong> , saccharose <strong>(43%)<\/strong> , glucose <strong>(5%)<\/strong><\/p>\t\t\t\t\t\t<\/div>\n\t\t\t\t<\/div>\n\t\t\t\t\t<\/div>\n\t\t<\/div>\n\t\t\t\t\t<\/div>\n\t\t<\/section>\n\t\t\t\t<\/div>\n\t\t","protected":false},"excerpt":{"rendered":"<p>poids produit : 200\u00a0g Kcal Total: 514 (514Kcal \/100 g) Kjoule Total: 3262 (2362KJoule \/100 g) nombre ingr\u00e9dients: 3 colorant : 0 liste des allerg\u00e8nes : fruits \u00e0 coques compositions : amande enti\u00e8res (52%) , saccharose (43%) , glucose (5%)<\/p>\n","protected":false},"featured_media":12998,"comment_status":"open","ping_status":"closed","template":"","meta":[],"product_cat":[103],"product_tag":[],"_links":{"self":[{"href":"https:\/\/chocangels.fr\/index.php\/wp-json\/wp\/v2\/product\/12879"}],"collection":[{"href":"https:\/\/chocangels.fr\/index.php\/wp-json\/wp\/v2\/product"}],"about":[{"href":"https:\/\/chocangels.fr\/index.php\/wp-json\/wp\/v2\/types\/product"}],"replies":[{"embeddable":true,"href":"https:\/\/chocangels.fr\/index.php\/wp-json\/wp\/v2\/comments?post=12879"}],"version-history":[{"count":5,"href":"https:\/\/chocangels.fr\/index.php\/wp-json\/wp\/v2\/product\/12879\/revisions"}],"predecessor-version":[{"id":20161,"href":"https:\/\/chocangels.fr\/index.php\/wp-json\/wp\/v2\/product\/12879\/revisions\/20161"}],"wp:featuredmedia":[{"embeddable":true,"href":"https:\/\/chocangels.fr\/index.php\/wp-json\/wp\/v2\/media\/12998"}],"wp:attachment":[{"href":"https:\/\/chocangels.fr\/index.php\/wp-json\/wp\/v2\/media?parent=12879"}],"wp:term":[{"taxonomy":"product_cat","embeddable":true,"href":"https:\/\/chocangels.fr\/index.php\/wp-json\/wp\/v2\/product_cat?post=12879"},{"taxonomy":"product_tag","embeddable":true,"href":"https:\/\/chocangels.fr\/index.php\/wp-json\/wp\/v2\/product_tag?post=12879"}],"curies":[{"name":"wp","href":"https:\/\/api.w.org\/{rel}","templated":true}]}}