{"id":11993,"date":"2022-04-04T13:32:57","date_gmt":"2022-04-04T13:32:57","guid":{"rendered":"https:\/\/chocangels.fr\/?post_type=product&#038;p=11993"},"modified":"2023-11-15T19:35:11","modified_gmt":"2023-11-15T19:35:11","slug":"rousquilles-du-roussillon","status":"publish","type":"product","link":"https:\/\/chocangels.fr\/index.php\/product\/rousquilles-du-roussillon\/","title":{"rendered":"rousquilles \u00e0 l&#8217;ancienne"},"content":{"rendered":"<p>&nbsp;<\/p>\n<p>&nbsp;<\/p>\n","protected":false},"excerpt":{"rendered":"<p>poids net : 200 g<\/p>\n<p>prix kg : 20 \u20ac<\/p>\n<p>nombre : 9 pi\u00e8ces environs<\/p>\n<p>Kcal total: 711 (356 Kcal\/100 g )<\/p>\n<p>Kjoule total : 3272 ( 1636 Kjoule\/ 100 g)<\/p>\n<p>liste allerg\u00e8ne: c\u00e9r\u00e9ales contenant du gluten , \u0153ufs , lait<\/p>\n<p>composition: farine de froment (34%) , sucre glace ( 27%) , \u0153ufs (9%) , mati\u00e8re grasse ( 7%) , sucre semoule ( 7%) , blancs d&#8217;\u0153ufs ( 5%) , miel (5%) , sucre inverti ( 3%) , poudre levante ( 1%) , anis vert vert ( 1%) ,huile essentielle de citron ( 1%)<\/p>\n<p>\u00e0 conserver \u00e0 Temp\u00e9rature ambiante 19\u00b0C<\/p>\n<p>DDM : 8 mois<\/p>\n","protected":false},"featured_media":20185,"comment_status":"open","ping_status":"closed","template":"","meta":[],"product_cat":[105],"product_tag":[],"_links":{"self":[{"href":"https:\/\/chocangels.fr\/index.php\/wp-json\/wp\/v2\/product\/11993"}],"collection":[{"href":"https:\/\/chocangels.fr\/index.php\/wp-json\/wp\/v2\/product"}],"about":[{"href":"https:\/\/chocangels.fr\/index.php\/wp-json\/wp\/v2\/types\/product"}],"replies":[{"embeddable":true,"href":"https:\/\/chocangels.fr\/index.php\/wp-json\/wp\/v2\/comments?post=11993"}],"version-history":[{"count":8,"href":"https:\/\/chocangels.fr\/index.php\/wp-json\/wp\/v2\/product\/11993\/revisions"}],"predecessor-version":[{"id":12629,"href":"https:\/\/chocangels.fr\/index.php\/wp-json\/wp\/v2\/product\/11993\/revisions\/12629"}],"wp:featuredmedia":[{"embeddable":true,"href":"https:\/\/chocangels.fr\/index.php\/wp-json\/wp\/v2\/media\/20185"}],"wp:attachment":[{"href":"https:\/\/chocangels.fr\/index.php\/wp-json\/wp\/v2\/media?parent=11993"}],"wp:term":[{"taxonomy":"product_cat","embeddable":true,"href":"https:\/\/chocangels.fr\/index.php\/wp-json\/wp\/v2\/product_cat?post=11993"},{"taxonomy":"product_tag","embeddable":true,"href":"https:\/\/chocangels.fr\/index.php\/wp-json\/wp\/v2\/product_tag?post=11993"}],"curies":[{"name":"wp","href":"https:\/\/api.w.org\/{rel}","templated":true}]}}