{"id":4870,"date":"2021-02-10T14:50:45","date_gmt":"2021-02-10T14:50:45","guid":{"rendered":"https:\/\/swissdelight.qodeinteractive.com\/?page_id=4870"},"modified":"2025-01-23T12:49:03","modified_gmt":"2025-01-23T12:49:03","slug":"contact-us","status":"publish","type":"page","link":"https:\/\/chocangels.fr\/index.php\/contact-us\/","title":{"rendered":"Contactez-nous !"},"content":{"rendered":"\t\t<div data-elementor-type=\"wp-page\" data-elementor-id=\"4870\" class=\"elementor elementor-4870\">\n\t\t\t\t\t\t<section class=\"elementor-section elementor-top-section elementor-element elementor-element-2950288 qodef-elementor-content-grid elementor-section-boxed elementor-section-height-default elementor-section-height-default\" data-id=\"2950288\" data-element_type=\"section\">\n\t\t\t\t\t\t<div class=\"elementor-container elementor-column-gap-default\">\n\t\t\t\t\t<div class=\"elementor-column elementor-col-50 elementor-top-column elementor-element elementor-element-3c3661c\" data-id=\"3c3661c\" data-element_type=\"column\">\n\t\t\t<div class=\"elementor-widget-wrap elementor-element-populated\">\n\t\t\t\t\t\t<div class=\"elementor-element elementor-element-8fb4044 elementor-widget elementor-widget-qi_addons_for_elementor_contact_form_7\" data-id=\"8fb4044\" data-element_type=\"widget\" data-widget_type=\"qi_addons_for_elementor_contact_form_7.default\">\n\t\t\t\t<div class=\"elementor-widget-container\">\n\t\t\t<div class=\"qodef-shortcode qodef-m qodef-qi-contact-form-7\">\n\t<div role=\"form\" class=\"wpcf7\" id=\"wpcf7-f11813-o1\" lang=\"en-US\" dir=\"ltr\">\n<div class=\"screen-reader-response\"><p role=\"status\" aria-live=\"polite\" aria-atomic=\"true\"><\/p> <ul><\/ul><\/div>\n<form action=\"\/index.php\/wp-json\/wp\/v2\/pages\/4870#wpcf7-f11813-o1\" method=\"post\" class=\"wpcf7-form init\" novalidate=\"novalidate\" data-status=\"init\">\n<div style=\"display: none;\">\n<input type=\"hidden\" name=\"_wpcf7\" value=\"11813\" \/>\n<input type=\"hidden\" name=\"_wpcf7_version\" value=\"5.6.4\" \/>\n<input type=\"hidden\" name=\"_wpcf7_locale\" value=\"en_US\" \/>\n<input type=\"hidden\" name=\"_wpcf7_unit_tag\" value=\"wpcf7-f11813-o1\" \/>\n<input type=\"hidden\" name=\"_wpcf7_container_post\" value=\"0\" \/>\n<input type=\"hidden\" name=\"_wpcf7_posted_data_hash\" value=\"\" \/>\n<input type=\"hidden\" name=\"_wpcf7_recaptcha_response\" value=\"\" \/>\n<\/div>\n<label> Votre nom\n    <span class=\"wpcf7-form-control-wrap\" data-name=\"your-name\"><input type=\"text\" name=\"your-name\" value=\"\" size=\"40\" class=\"wpcf7-form-control wpcf7-text wpcf7-validates-as-required\" aria-required=\"true\" aria-invalid=\"false\" \/><\/span> <\/label>\n\n<label> Votre email\n    <span class=\"wpcf7-form-control-wrap\" data-name=\"your-email\"><input type=\"email\" name=\"your-email\" value=\"\" size=\"40\" class=\"wpcf7-form-control wpcf7-text wpcf7-email wpcf7-validates-as-required wpcf7-validates-as-email\" aria-required=\"true\" aria-invalid=\"false\" \/><\/span> <\/label>\n\n<label> Sujet\n    <span class=\"wpcf7-form-control-wrap\" data-name=\"your-subject\"><input type=\"text\" name=\"your-subject\" value=\"\" size=\"40\" class=\"wpcf7-form-control wpcf7-text wpcf7-validates-as-required\" aria-required=\"true\" aria-invalid=\"false\" \/><\/span> <\/label>\n\n<label> Votre message (optional)\n    <span class=\"wpcf7-form-control-wrap\" data-name=\"your-message\"><textarea name=\"your-message\" cols=\"40\" rows=\"10\" class=\"wpcf7-form-control wpcf7-textarea\" aria-invalid=\"false\"><\/textarea><\/span> <\/label>\n\n<span class=\"wpcf7-form-control-wrap\" data-name=\"checkbox-686\"><span class=\"wpcf7-form-control wpcf7-checkbox wpcf7-validates-as-required wpcf7-exclusive-checkbox\"><span class=\"wpcf7-list-item first last\"><label><input type=\"checkbox\" name=\"checkbox-686\" value=\"Vous acceptez notre politique de confidentialit\u00e9\" \/><span class=\"wpcf7-list-item-label\">Vous acceptez notre politique de confidentialit\u00e9<\/span><\/label><\/span><\/span><\/span>\n\n<button type=\"submit\" class=\"wpcf7-form-control wpcf7-submit qodef-button qodef-size--normal qodef-layout--filled qodef-m\"><span class=\"qodef-m-text\">Envoyer<\/span><\/button><div class=\"wpcf7-response-output\" aria-hidden=\"true\"><\/div><\/form><\/div><\/div>\n\t\t<\/div>\n\t\t\t\t<\/div>\n\t\t\t\t\t<\/div>\n\t\t<\/div>\n\t\t\t\t<div class=\"elementor-column elementor-col-50 elementor-top-column elementor-element elementor-element-421911e\" data-id=\"421911e\" data-element_type=\"column\">\n\t\t\t<div class=\"elementor-widget-wrap elementor-element-populated\">\n\t\t\t\t\t\t<div class=\"elementor-element elementor-element-da98080 elementor-widget elementor-widget-text-editor\" data-id=\"da98080\" data-element_type=\"widget\" data-widget_type=\"text-editor.default\">\n\t\t\t\t<div class=\"elementor-widget-container\">\n\t\t\t<style>\/*! elementor - v3.20.0 - 20-03-2024 *\/\n.elementor-widget-text-editor.elementor-drop-cap-view-stacked .elementor-drop-cap{background-color:#69727d;color:#fff}.elementor-widget-text-editor.elementor-drop-cap-view-framed .elementor-drop-cap{color:#69727d;border:3px solid;background-color:transparent}.elementor-widget-text-editor:not(.elementor-drop-cap-view-default) .elementor-drop-cap{margin-top:8px}.elementor-widget-text-editor:not(.elementor-drop-cap-view-default) .elementor-drop-cap-letter{width:1em;height:1em}.elementor-widget-text-editor .elementor-drop-cap{float:left;text-align:center;line-height:1;font-size:50px}.elementor-widget-text-editor .elementor-drop-cap-letter{display:inline-block}<\/style>\t\t\t\t<p>Choc&#8217;Angels<\/p>\t\t\t\t\t\t<\/div>\n\t\t\t\t<\/div>\n\t\t\t\t<div class=\"elementor-element elementor-element-8724843 elementor-widget elementor-widget-heading\" data-id=\"8724843\" data-element_type=\"widget\" data-widget_type=\"heading.default\">\n\t\t\t\t<div class=\"elementor-widget-container\">\n\t\t\t<style>\/*! elementor - v3.20.0 - 20-03-2024 *\/\n.elementor-heading-title{padding:0;margin:0;line-height:1}.elementor-widget-heading .elementor-heading-title[class*=elementor-size-]>a{color:inherit;font-size:inherit;line-height:inherit}.elementor-widget-heading .elementor-heading-title.elementor-size-small{font-size:15px}.elementor-widget-heading .elementor-heading-title.elementor-size-medium{font-size:19px}.elementor-widget-heading .elementor-heading-title.elementor-size-large{font-size:29px}.elementor-widget-heading .elementor-heading-title.elementor-size-xl{font-size:39px}.elementor-widget-heading .elementor-heading-title.elementor-size-xxl{font-size:59px}<\/style><p class=\"elementor-heading-title elementor-size-default\"><a href=\"https:\/\/www.google.com\/maps?q=11+Boulevard+Montmartre,+75002+Paris,France&#038;um=1&#038;ie=UTF-8&#038;sa=X&#038;ved=2ahUKEwitoo7azN_uAhWNxIsKHYNmCO8Q_AUoAXoECAUQAw\" target=\"_blank\">74 bd du canigou  66170 saint feliu d'avall  <\/a><\/p>\t\t<\/div>\n\t\t\t\t<\/div>\n\t\t\t\t<div class=\"elementor-element elementor-element-71c03c5 elementor-widget elementor-widget-heading\" data-id=\"71c03c5\" data-element_type=\"widget\" data-widget_type=\"heading.default\">\n\t\t\t\t<div class=\"elementor-widget-container\">\n\t\t\t<p class=\"elementor-heading-title elementor-size-default\"><a href=\"tel:+336921548%20\">0749313987<\/a><\/p>\t\t<\/div>\n\t\t\t\t<\/div>\n\t\t\t\t<div class=\"elementor-element elementor-element-1ffcc9d elementor-widget elementor-widget-heading\" data-id=\"1ffcc9d\" data-element_type=\"widget\" data-widget_type=\"heading.default\">\n\t\t\t\t<div class=\"elementor-widget-container\">\n\t\t\t<p class=\"elementor-heading-title elementor-size-default\"><a href=\"mailto:choc.angels.ap@gmail.com\">choc.angels.ap@gmail.com<\/a><\/p>\t\t<\/div>\n\t\t\t\t<\/div>\n\t\t\t\t<div class=\"elementor-element elementor-element-e166022 elementor-widget elementor-widget-image\" data-id=\"e166022\" data-element_type=\"widget\" data-widget_type=\"image.default\">\n\t\t\t\t<div class=\"elementor-widget-container\">\n\t\t\t<style>\/*! elementor - v3.20.0 - 20-03-2024 *\/\n.elementor-widget-image{text-align:center}.elementor-widget-image a{display:inline-block}.elementor-widget-image a img[src$=\".svg\"]{width:48px}.elementor-widget-image img{vertical-align:middle;display:inline-block}<\/style>\t\t\t\t\t\t\t\t\t\t<img fetchpriority=\"high\" width=\"800\" height=\"596\" src=\"https:\/\/chocangels.fr\/wp-content\/uploads\/2021\/02\/contact-us-img-3.jpg\" class=\"attachment-full size-full wp-image-4924\" alt=\"f\" srcset=\"https:\/\/chocangels.fr\/wp-content\/uploads\/2021\/02\/contact-us-img-3.jpg 800w, https:\/\/chocangels.fr\/wp-content\/uploads\/2021\/02\/contact-us-img-3-350x261.jpg 350w, https:\/\/chocangels.fr\/wp-content\/uploads\/2021\/02\/contact-us-img-3-300x224.jpg 300w, https:\/\/chocangels.fr\/wp-content\/uploads\/2021\/02\/contact-us-img-3-768x572.jpg 768w\" sizes=\"(max-width: 800px) 100vw, 800px\" \/>\t\t\t\t\t\t\t\t\t\t\t\t\t<\/div>\n\t\t\t\t<\/div>\n\t\t\t\t\t<\/div>\n\t\t<\/div>\n\t\t\t\t\t<\/div>\n\t\t<\/section>\n\t\t\t\t<section class=\"elementor-section elementor-top-section elementor-element elementor-element-84e8706 qodef-elementor-content-grid elementor-section-boxed elementor-section-height-default elementor-section-height-default\" data-id=\"84e8706\" data-element_type=\"section\">\n\t\t\t\t\t\t<div class=\"elementor-container elementor-column-gap-default\">\n\t\t\t\t\t<div class=\"elementor-column elementor-col-100 elementor-top-column elementor-element elementor-element-9d66c2a\" data-id=\"9d66c2a\" data-element_type=\"column\">\n\t\t\t<div class=\"elementor-widget-wrap elementor-element-populated\">\n\t\t\t\t\t\t<div class=\"elementor-element elementor-element-2fa3ec6 elementor-widget__width-initial elementor-widget-tablet__width-initial elementor-widget elementor-widget-swissdelight_core_section_title\" data-id=\"2fa3ec6\" data-element_type=\"widget\" data-widget_type=\"swissdelight_core_section_title.default\">\n\t\t\t\t<div class=\"elementor-widget-container\">\n\t\t\t<div class=\"qodef-shortcode qodef-m  qodef-section-title qodef-alignment--center  qodef-appear-animation--enabled\">\n\t\t<h2 class=\"qodef-m-title\" >\n\t\t\tNotre <span class=\"qodef-subtitle-wrapper\">entreprise<span class=\"qodef-m-subtitle\" >choco<\/span><\/span>\t<\/h2>\n\t\t<p class=\"qodef-m-text\" style=\"margin-top: 15px\">Situ\u00e9e dans un petit village ,Saint Feliu d&#039;avall,  nous proposons la vente en ligne pour la biscuiterie , chocolaterie, confiserie et \u00e9galement une boutique de retrait 74 avenue du canigou 66170 saint feliu d&#039;avall, \nPour la p\u00e2tisserie : possibilit\u00e9 de livrer dans un rayon de 20 kg pour une commande de 20 personnes minimum .\n Pour tout autre commande :  possibilit\u00e9 de click and collect. \u00e0 la boutique 74 avenue du Canigou 66170 saint feliu d&#039;avall.\n Vous pouvez nous contacter via le lien face book ou le formulaire de contact de la boutique en ligne .Nous vous remercions de l&#039;int\u00e9r\u00eat que vous nous portez et r\u00e9pondrons dans les meilleurs d\u00e9lais .<\/p>\n\t<\/div>\n\t\t<\/div>\n\t\t\t\t<\/div>\n\t\t\t\t<div class=\"elementor-element elementor-element-a75266f elementor-widget elementor-widget-swissdelight_core_google_map\" data-id=\"a75266f\" data-element_type=\"widget\" data-widget_type=\"swissdelight_core_google_map.default\">\n\t\t\t\t<div class=\"elementor-widget-container\">\n\t\t\t<div class=\"qodef-shortcode qodef-m  qodef-google-map\">\n\t<div class=\"qodef-m-map\" id=\"qodef-map-id--356\" data-addresses='[\"11 Boulevard Montmartre, 75002 Paris,France\"]' data-pin=https:\/\/chocangels.fr\/wp-content\/uploads\/2021\/02\/pin-img-1.png data-unique-id=356 data-height=504><\/div>\n<\/div>\n\t\t<\/div>\n\t\t\t\t<\/div>\n\t\t\t\t\t<\/div>\n\t\t<\/div>\n\t\t\t\t\t<\/div>\n\t\t<\/section>\n\t\t\t\t<\/div>\n\t\t","protected":false},"excerpt":{"rendered":"<p>Votre nom Votre email Sujet Votre message (optional) Vous acceptez notre politique de confidentialit\u00e9 Envoyer Choc&#8217;Angels 74 bd du canigou 66170 saint feliu d&#8217;avall 0749313987 choc.angels.ap@gmail.com Notre entreprisechoco Situ\u00e9e dans un petit village ,Saint Feliu d&#039;avall, nous proposons la vente en ligne pour la biscuiterie , chocolaterie, confiserie et \u00e9galement une boutique de retrait 74 [&hellip;]<\/p>\n","protected":false},"author":1,"featured_media":0,"parent":0,"menu_order":0,"comment_status":"closed","ping_status":"closed","template":"page-full-width.php","meta":[],"_links":{"self":[{"href":"https:\/\/chocangels.fr\/index.php\/wp-json\/wp\/v2\/pages\/4870"}],"collection":[{"href":"https:\/\/chocangels.fr\/index.php\/wp-json\/wp\/v2\/pages"}],"about":[{"href":"https:\/\/chocangels.fr\/index.php\/wp-json\/wp\/v2\/types\/page"}],"author":[{"embeddable":true,"href":"https:\/\/chocangels.fr\/index.php\/wp-json\/wp\/v2\/users\/1"}],"replies":[{"embeddable":true,"href":"https:\/\/chocangels.fr\/index.php\/wp-json\/wp\/v2\/comments?post=4870"}],"version-history":[{"count":36,"href":"https:\/\/chocangels.fr\/index.php\/wp-json\/wp\/v2\/pages\/4870\/revisions"}],"predecessor-version":[{"id":28459,"href":"https:\/\/chocangels.fr\/index.php\/wp-json\/wp\/v2\/pages\/4870\/revisions\/28459"}],"wp:attachment":[{"href":"https:\/\/chocangels.fr\/index.php\/wp-json\/wp\/v2\/media?parent=4870"}],"curies":[{"name":"wp","href":"https:\/\/api.w.org\/{rel}","templated":true}]}}