{"id":4445,"date":"2021-02-10T10:21:01","date_gmt":"2021-02-10T10:21:01","guid":{"rendered":"https:\/\/swissdelight.qodeinteractive.com\/?page_id=4445"},"modified":"2025-01-23T12:38:46","modified_gmt":"2025-01-23T12:38:46","slug":"about-us","status":"publish","type":"page","link":"https:\/\/chocangels.fr\/index.php\/about-us\/","title":{"rendered":"qui sommes nous ?"},"content":{"rendered":"\t\t<div data-elementor-type=\"wp-page\" data-elementor-id=\"4445\" class=\"elementor elementor-4445\">\n\t\t\t\t\t\t<section class=\"elementor-section elementor-top-section elementor-element elementor-element-d2122a6 elementor-section-full_width elementor-section-height-min-height elementor-section-height-default elementor-section-items-middle qodef-elementor-content-no\" data-id=\"d2122a6\" data-element_type=\"section\">\n\t\t\t\t\t\t<div class=\"elementor-container elementor-column-gap-default\">\n\t\t\t\t\t<div class=\"elementor-column elementor-col-100 elementor-top-column elementor-element elementor-element-cf1bc04\" data-id=\"cf1bc04\" data-element_type=\"column\">\n\t\t\t<div class=\"elementor-widget-wrap\">\n\t\t\t\t\t\t\t<\/div>\n\t\t<\/div>\n\t\t\t\t\t<\/div>\n\t\t<\/section>\n\t\t\t\t<section class=\"elementor-section elementor-top-section elementor-element elementor-element-9577599 qodef-elementor-content-grid elementor-section-boxed elementor-section-height-default elementor-section-height-default\" data-id=\"9577599\" data-element_type=\"section\" data-settings=\"{&quot;background_background&quot;:&quot;classic&quot;}\">\n\t\t\t\t\t\t<div class=\"elementor-container elementor-column-gap-default\">\n\t\t\t\t\t<div class=\"elementor-column elementor-col-100 elementor-top-column elementor-element elementor-element-066c605\" data-id=\"066c605\" data-element_type=\"column\">\n\t\t\t<div class=\"elementor-widget-wrap elementor-element-populated\">\n\t\t\t\t\t\t<div class=\"elementor-element elementor-element-94c209a elementor-widget elementor-widget-swissdelight_core_section_title\" data-id=\"94c209a\" data-element_type=\"widget\" data-widget_type=\"swissdelight_core_section_title.default\">\n\t\t\t\t<div class=\"elementor-widget-container\">\n\t\t\t<div class=\"qodef-shortcode qodef-m  qodef-section-title qodef-alignment--center  qodef-appear-animation--enabled\">\n\t\t<span class=\"qodef-m-tagline\" >Choc'Angels<\/span>\n\t<h1 class=\"qodef-m-title\" >\n\t\t\tA propos de nous !\t<\/h1>\n\t\t<\/div>\n\t\t<\/div>\n\t\t\t\t<\/div>\n\t\t\t\t<section class=\"elementor-section elementor-inner-section elementor-element elementor-element-4961790 elementor-section-boxed elementor-section-height-default elementor-section-height-default qodef-elementor-content-no\" data-id=\"4961790\" data-element_type=\"section\">\n\t\t\t\t\t\t<div class=\"elementor-container elementor-column-gap-default\">\n\t\t\t\t\t<div class=\"elementor-column elementor-col-50 elementor-inner-column elementor-element elementor-element-d6867d4\" data-id=\"d6867d4\" data-element_type=\"column\">\n\t\t\t<div class=\"elementor-widget-wrap elementor-element-populated\">\n\t\t\t\t\t\t<div class=\"elementor-element elementor-element-dd921f9 elementor-widget elementor-widget-text-editor\" data-id=\"dd921f9\" data-element_type=\"widget\" data-widget_type=\"text-editor.default\">\n\t\t\t\t<div class=\"elementor-widget-container\">\n\t\t\t<style>\/*! elementor - v3.20.0 - 20-03-2024 *\/\n.elementor-widget-text-editor.elementor-drop-cap-view-stacked .elementor-drop-cap{background-color:#69727d;color:#fff}.elementor-widget-text-editor.elementor-drop-cap-view-framed .elementor-drop-cap{color:#69727d;border:3px solid;background-color:transparent}.elementor-widget-text-editor:not(.elementor-drop-cap-view-default) .elementor-drop-cap{margin-top:8px}.elementor-widget-text-editor:not(.elementor-drop-cap-view-default) .elementor-drop-cap-letter{width:1em;height:1em}.elementor-widget-text-editor .elementor-drop-cap{float:left;text-align:center;line-height:1;font-size:50px}.elementor-widget-text-editor .elementor-drop-cap-letter{display:inline-block}<\/style>\t\t\t\t<p>Maitre P\u00e2tissier, je mets \u00e0 votre service ma boutique en ligne et ma boutique de retrait clikc et collect.<\/p><p>Les produits faits maison sont \u00e9labor\u00e9s avec de la mati\u00e8re premi\u00e8re de qualit\u00e9 . La gamme des produits propos\u00e9s s&#8217;enrichira au fil du temps et en fonction de la saison .<\/p><p>La vente en ligne ,\u00a0 pour des raisons de normes d&#8217;hygi\u00e8ne et de s\u00e9curit\u00e9, portera sur la biscuiterie, chocolaterie, et confiserie , La patisserie peux se retirer \u00e0 la boutique \/ laboratoire 74 avenue du canigou 66170 saint feliu d&#8217;avall<\/p><p>Je mettrai le plus grand soin dans leur confection afin de ravir vos papilles.<\/p>\t\t\t\t\t\t<\/div>\n\t\t\t\t<\/div>\n\t\t\t\t\t<\/div>\n\t\t<\/div>\n\t\t\t\t<div class=\"elementor-column elementor-col-50 elementor-inner-column elementor-element elementor-element-c138deb\" data-id=\"c138deb\" data-element_type=\"column\">\n\t\t\t<div class=\"elementor-widget-wrap elementor-element-populated\">\n\t\t\t\t\t\t<div class=\"elementor-element elementor-element-5d04fdc elementor-widget elementor-widget-text-editor\" data-id=\"5d04fdc\" data-element_type=\"widget\" data-widget_type=\"text-editor.default\">\n\t\t\t\t<div class=\"elementor-widget-container\">\n\t\t\t\t\t\t\t<p>P\u00e2tissier, Chocolatier, Confiseur, Glacier et traiteur, je peux vous proposer des prestations de qualit\u00e9 avec un devis personnalis\u00e9 pour tous vos \u00e9v\u00e8nements ( mariage, Bapt\u00eame, anniversaire, communion\u2026).<\/p><p>Vous pouvez me contacter directement sur ce site (formulaire de contact) et me suivre au travers de ma page Facebook chocangels (lien depuis la page d&#8217;accueil de ce site).<\/p><p>Aucune livraison\u00a0 de\u00a0 chocolats <span style=\"letter-spacing: 0.15px;\">ne pourra \u00eatre faite<\/span><span style=\"letter-spacing: 0.01em;\"> durant la p\u00e9riode chaude ( de mai \u00e0 fin octobre) afin de garantir la qualit\u00e9 des produits et d&#8217;assurer la livraison dans de bonnes conditions.\u00a0<\/span><\/p>\t\t\t\t\t\t<\/div>\n\t\t\t\t<\/div>\n\t\t\t\t\t<\/div>\n\t\t<\/div>\n\t\t\t\t\t<\/div>\n\t\t<\/section>\n\t\t\t\t\t<\/div>\n\t\t<\/div>\n\t\t\t\t\t<\/div>\n\t\t<\/section>\n\t\t\t\t<section class=\"elementor-section elementor-top-section elementor-element elementor-element-2513363 qodef-elementor-content-grid elementor-section-boxed elementor-section-height-default elementor-section-height-default\" data-id=\"2513363\" data-element_type=\"section\" data-settings=\"{&quot;background_background&quot;:&quot;classic&quot;}\">\n\t\t\t\t\t\t<div class=\"elementor-container elementor-column-gap-default\">\n\t\t\t\t\t<div class=\"elementor-column elementor-col-33 elementor-top-column elementor-element elementor-element-d2c329e\" data-id=\"d2c329e\" data-element_type=\"column\">\n\t\t\t<div class=\"elementor-widget-wrap elementor-element-populated\">\n\t\t\t\t\t\t<div class=\"elementor-element elementor-element-4bcb15d elementor-widget elementor-widget-image\" data-id=\"4bcb15d\" data-element_type=\"widget\" data-widget_type=\"image.default\">\n\t\t\t\t<div class=\"elementor-widget-container\">\n\t\t\t<style>\/*! elementor - v3.20.0 - 20-03-2024 *\/\n.elementor-widget-image{text-align:center}.elementor-widget-image a{display:inline-block}.elementor-widget-image a img[src$=\".svg\"]{width:48px}.elementor-widget-image img{vertical-align:middle;display:inline-block}<\/style>\t\t\t\t\t\t\t\t\t\t<img fetchpriority=\"high\" width=\"800\" height=\"632\" src=\"https:\/\/chocangels.fr\/wp-content\/uploads\/2021\/02\/about-us-img-5.jpg\" class=\"attachment-full size-full wp-image-4609\" alt=\"d\" srcset=\"https:\/\/chocangels.fr\/wp-content\/uploads\/2021\/02\/about-us-img-5.jpg 800w, https:\/\/chocangels.fr\/wp-content\/uploads\/2021\/02\/about-us-img-5-350x277.jpg 350w, https:\/\/chocangels.fr\/wp-content\/uploads\/2021\/02\/about-us-img-5-300x237.jpg 300w, https:\/\/chocangels.fr\/wp-content\/uploads\/2021\/02\/about-us-img-5-768x607.jpg 768w\" sizes=\"(max-width: 800px) 100vw, 800px\" \/>\t\t\t\t\t\t\t\t\t\t\t\t\t<\/div>\n\t\t\t\t<\/div>\n\t\t\t\t<div class=\"elementor-element elementor-element-e537c3e elementor-widget elementor-widget-text-editor\" data-id=\"e537c3e\" data-element_type=\"widget\" data-widget_type=\"text-editor.default\">\n\t\t\t\t<div class=\"elementor-widget-container\">\n\t\t\t\t\t\t\t<h4 style=\"text-align: center;\">Specialit\u00e9s<\/h4>\t\t\t\t\t\t<\/div>\n\t\t\t\t<\/div>\n\t\t\t\t<div class=\"elementor-element elementor-element-e1d4e45 elementor-widget elementor-widget-text-editor\" data-id=\"e1d4e45\" data-element_type=\"widget\" data-widget_type=\"text-editor.default\">\n\t\t\t\t<div class=\"elementor-widget-container\">\n\t\t\t\t\t\t\t\t\t\t\t\t\t<\/div>\n\t\t\t\t<\/div>\n\t\t\t\t\t<\/div>\n\t\t<\/div>\n\t\t\t\t<div class=\"elementor-column elementor-col-33 elementor-top-column elementor-element elementor-element-2f40e1c\" data-id=\"2f40e1c\" data-element_type=\"column\">\n\t\t\t<div class=\"elementor-widget-wrap elementor-element-populated\">\n\t\t\t\t\t\t<div class=\"elementor-element elementor-element-33a713c elementor-widget elementor-widget-image\" data-id=\"33a713c\" data-element_type=\"widget\" data-widget_type=\"image.default\">\n\t\t\t\t<div class=\"elementor-widget-container\">\n\t\t\t\t\t\t\t\t\t\t\t\t\t<img src=\"https:\/\/chocangels.fr\/wp-content\/uploads\/2021\/02\/about-us-img-6-100x100.jpg\" title=\"about-us-img-6\" alt=\"k\" loading=\"lazy\" \/>\t\t\t\t\t\t\t\t\t\t\t\t\t<\/div>\n\t\t\t\t<\/div>\n\t\t\t\t<div class=\"elementor-element elementor-element-efe629e elementor-widget elementor-widget-text-editor\" data-id=\"efe629e\" data-element_type=\"widget\" data-widget_type=\"text-editor.default\">\n\t\t\t\t<div class=\"elementor-widget-container\">\n\t\t\t\t\t\t\t<p>gamme<\/p><p>chocolat\u00a0<\/p>\t\t\t\t\t\t<\/div>\n\t\t\t\t<\/div>\n\t\t\t\t<div class=\"elementor-element elementor-element-2b66bfe elementor-widget elementor-widget-text-editor\" data-id=\"2b66bfe\" data-element_type=\"widget\" data-widget_type=\"text-editor.default\">\n\t\t\t\t<div class=\"elementor-widget-container\">\n\t\t\t\t\t\t\t\t\t\t\t\t\t<\/div>\n\t\t\t\t<\/div>\n\t\t\t\t\t<\/div>\n\t\t<\/div>\n\t\t\t\t<div class=\"elementor-column elementor-col-33 elementor-top-column elementor-element elementor-element-593ec61\" data-id=\"593ec61\" data-element_type=\"column\">\n\t\t\t<div class=\"elementor-widget-wrap elementor-element-populated\">\n\t\t\t\t\t\t<div class=\"elementor-element elementor-element-d73f7b6 elementor-widget elementor-widget-image\" data-id=\"d73f7b6\" data-element_type=\"widget\" data-widget_type=\"image.default\">\n\t\t\t\t<div class=\"elementor-widget-container\">\n\t\t\t\t\t\t\t\t\t\t\t\t\t\t<a href=\"https:\/\/swissdelight.qodeinteractive.com\/our-menu\/\">\n\t\t\t\t\t\t\t<img src=\"https:\/\/swissdelight.qodeinteractive.com\/wp-content\/uploads\/2021\/02\/about-us-img-7.jpg\" title=\"\" alt=\"\" loading=\"lazy\" \/>\t\t\t\t\t\t\t\t<\/a>\n\t\t\t\t\t\t\t\t\t\t\t\t\t<\/div>\n\t\t\t\t<\/div>\n\t\t\t\t<div class=\"elementor-element elementor-element-331f997 elementor-widget elementor-widget-text-editor\" data-id=\"331f997\" data-element_type=\"widget\" data-widget_type=\"text-editor.default\">\n\t\t\t\t<div class=\"elementor-widget-container\">\n\t\t\t\t\t\t\t<h4 style=\"text-align: center;\"><img class=\"alignnone size-medium wp-image-12542\" src=\"https:\/\/chocangels.fr\/wp-content\/uploads\/2022\/06\/IMG_2094-300x200.jpg\" alt=\"\" width=\"300\" height=\"200\" srcset=\"https:\/\/chocangels.fr\/wp-content\/uploads\/2022\/06\/IMG_2094-300x200.jpg 300w, https:\/\/chocangels.fr\/wp-content\/uploads\/2022\/06\/IMG_2094-scaled-350x233.jpg 350w, https:\/\/chocangels.fr\/wp-content\/uploads\/2022\/06\/IMG_2094-1024x683.jpg 1024w, https:\/\/chocangels.fr\/wp-content\/uploads\/2022\/06\/IMG_2094-768x512.jpg 768w, https:\/\/chocangels.fr\/wp-content\/uploads\/2022\/06\/IMG_2094-1536x1024.jpg 1536w, https:\/\/chocangels.fr\/wp-content\/uploads\/2022\/06\/IMG_2094-2048x1365.jpg 2048w\" sizes=\"(max-width: 300px) 100vw, 300px\" \/>Gammes<\/h4><h4 style=\"text-align: center;\">biscuits\u00a0<\/h4>\t\t\t\t\t\t<\/div>\n\t\t\t\t<\/div>\n\t\t\t\t<div class=\"elementor-element elementor-element-32b635a elementor-widget elementor-widget-text-editor\" data-id=\"32b635a\" data-element_type=\"widget\" data-widget_type=\"text-editor.default\">\n\t\t\t\t<div class=\"elementor-widget-container\">\n\t\t\t\t\t\t\t\t\t\t\t\t\t<\/div>\n\t\t\t\t<\/div>\n\t\t\t\t\t<\/div>\n\t\t<\/div>\n\t\t\t\t\t<\/div>\n\t\t<\/section>\n\t\t\t\t<section class=\"elementor-section elementor-top-section elementor-element elementor-element-9f620c1 elementor-section-full_width qodef-row-btt-light elementor-section-height-default elementor-section-height-default qodef-elementor-content-no\" data-id=\"9f620c1\" data-element_type=\"section\">\n\t\t\t\t\t\t<div class=\"elementor-container elementor-column-gap-default\">\n\t\t\t\t\t<div class=\"elementor-column elementor-col-100 elementor-top-column elementor-element elementor-element-09bf560\" data-id=\"09bf560\" data-element_type=\"column\">\n\t\t\t<div class=\"elementor-widget-wrap\">\n\t\t\t\t\t\t\t<\/div>\n\t\t<\/div>\n\t\t\t\t\t<\/div>\n\t\t<\/section>\n\t\t\t\t<section class=\"elementor-section elementor-top-section elementor-element elementor-element-12c46bc qodef-elementor-content-grid elementor-section-boxed elementor-section-height-default elementor-section-height-default\" data-id=\"12c46bc\" data-element_type=\"section\" data-settings=\"{&quot;background_background&quot;:&quot;classic&quot;}\">\n\t\t\t\t\t\t<div class=\"elementor-container elementor-column-gap-default\">\n\t\t\t\t\t<div class=\"elementor-column elementor-col-33 elementor-top-column elementor-element elementor-element-2dc9238\" data-id=\"2dc9238\" data-element_type=\"column\">\n\t\t\t<div class=\"elementor-widget-wrap elementor-element-populated\">\n\t\t\t\t\t\t<div class=\"elementor-element elementor-element-d8447bc elementor-widget__width-auto elementor-widget elementor-widget-swissdelight_core_icon_with_text\" data-id=\"d8447bc\" data-element_type=\"widget\" data-widget_type=\"swissdelight_core_icon_with_text.default\">\n\t\t\t\t<div class=\"elementor-widget-container\">\n\t\t\t<div class=\"qodef-shortcode qodef-m  qodef-icon-with-text qodef-layout--top qodef--custom-icon qodef-alignment--center\">\n\t<div class=\"qodef-m-icon-wrapper\">\n\t\t\t\t\t\tconfiserie \t\t\t<\/div>\n\t<div class=\"qodef-m-content\">\n\t\t\t<h6 class=\"qodef-m-title\" >\n\t\t\t\t\t<span class=\"qodef-m-title-text\">gamme confiserie <\/span>\n\t\t\t<\/h6>\n\t\t\t<\/div>\n<\/div>\n\t\t<\/div>\n\t\t\t\t<\/div>\n\t\t\t\t\t<\/div>\n\t\t<\/div>\n\t\t\t\t<div class=\"elementor-column elementor-col-33 elementor-top-column elementor-element elementor-element-15287fc\" data-id=\"15287fc\" data-element_type=\"column\">\n\t\t\t<div class=\"elementor-widget-wrap elementor-element-populated\">\n\t\t\t\t\t\t<div class=\"elementor-element elementor-element-4179331 elementor-widget__width-auto elementor-widget elementor-widget-swissdelight_core_icon_with_text\" data-id=\"4179331\" data-element_type=\"widget\" data-widget_type=\"swissdelight_core_icon_with_text.default\">\n\t\t\t\t<div class=\"elementor-widget-container\">\n\t\t\t<div class=\"qodef-shortcode qodef-m  qodef-icon-with-text qodef-layout--top qodef--custom-icon qodef-alignment--center\">\n\t<div class=\"qodef-m-icon-wrapper\">\n\t\t\t\t\t\t<img width=\"2521\" height=\"2560\" src=\"https:\/\/chocangels.fr\/wp-content\/uploads\/2022\/06\/IMG_2104-scaled.jpg\" class=\"attachment-full size-full\" alt=\"\" srcset=\"https:\/\/chocangels.fr\/wp-content\/uploads\/2022\/06\/IMG_2104-scaled.jpg 2521w, https:\/\/chocangels.fr\/wp-content\/uploads\/2022\/06\/IMG_2104-scaled-350x355.jpg 350w, https:\/\/chocangels.fr\/wp-content\/uploads\/2022\/06\/IMG_2104-295x300.jpg 295w, https:\/\/chocangels.fr\/wp-content\/uploads\/2022\/06\/IMG_2104-1009x1024.jpg 1009w, https:\/\/chocangels.fr\/wp-content\/uploads\/2022\/06\/IMG_2104-768x780.jpg 768w, https:\/\/chocangels.fr\/wp-content\/uploads\/2022\/06\/IMG_2104-1513x1536.jpg 1513w, https:\/\/chocangels.fr\/wp-content\/uploads\/2022\/06\/IMG_2104-2017x2048.jpg 2017w\" sizes=\"(max-width: 2521px) 100vw, 2521px\" \/>\t\t\t<\/div>\n\t<div class=\"qodef-m-content\">\n\t\t\t<p class=\"qodef-m-title\" >\n\t\t\t\t\t<span class=\"qodef-m-title-text\">gamme chocolat <\/span>\n\t\t\t<\/p>\n\t\t\t<\/div>\n<\/div>\n\t\t<\/div>\n\t\t\t\t<\/div>\n\t\t\t\t\t<\/div>\n\t\t<\/div>\n\t\t\t\t<div class=\"elementor-column elementor-col-33 elementor-top-column elementor-element elementor-element-4ad8b43\" data-id=\"4ad8b43\" data-element_type=\"column\">\n\t\t\t<div class=\"elementor-widget-wrap elementor-element-populated\">\n\t\t\t\t\t\t<div class=\"elementor-element elementor-element-6e176ec elementor-widget__width-auto elementor-widget elementor-widget-swissdelight_core_icon_with_text\" data-id=\"6e176ec\" data-element_type=\"widget\" data-widget_type=\"swissdelight_core_icon_with_text.default\">\n\t\t\t\t<div class=\"elementor-widget-container\">\n\t\t\t<div class=\"qodef-shortcode qodef-m  qodef-icon-with-text qodef-layout--top qodef--icon-pack qodef-alignment--center\">\n\t<div class=\"qodef-m-icon-wrapper\">\n\t\t<span class=\"qodef-shortcode qodef-m  qodef-icon-holder qodef-size--default qodef-layout--normal\"  >\t\t\t<a itemprop=\"url\" href=\"http:\/\/chocangels\" target=\"_self\">\t\t\t\t\t\t<\/a>\t<\/span>\t<\/div>\n\t<div class=\"qodef-m-content\">\n\t\t\t<h6 class=\"qodef-m-title\" >\n\t\t\t\t\t<a itemprop=\"url\" href=\"http:\/\/chocangels\" target=\"_self\">\n\t\t\t\t\t<span class=\"qodef-m-title-text\">gamme biscuit <\/span>\n\t\t\t\t\t<\/a>\n\t\t\t<\/h6>\n\t\t\t<\/div>\n<\/div>\n\t\t<\/div>\n\t\t\t\t<\/div>\n\t\t\t\t\t<\/div>\n\t\t<\/div>\n\t\t\t\t\t<\/div>\n\t\t<\/section>\n\t\t\t\t<\/div>\n\t\t","protected":false},"excerpt":{"rendered":"<p>Choc&#8217;Angels A propos de nous ! Maitre P\u00e2tissier, je mets \u00e0 votre service ma boutique en ligne et ma boutique de retrait clikc et collect. Les produits faits maison sont \u00e9labor\u00e9s avec de la mati\u00e8re premi\u00e8re de qualit\u00e9 . La gamme des produits propos\u00e9s s&#8217;enrichira au fil du temps et en fonction de la saison [&hellip;]<\/p>\n","protected":false},"author":1,"featured_media":0,"parent":0,"menu_order":0,"comment_status":"closed","ping_status":"closed","template":"page-full-width.php","meta":[],"_links":{"self":[{"href":"https:\/\/chocangels.fr\/index.php\/wp-json\/wp\/v2\/pages\/4445"}],"collection":[{"href":"https:\/\/chocangels.fr\/index.php\/wp-json\/wp\/v2\/pages"}],"about":[{"href":"https:\/\/chocangels.fr\/index.php\/wp-json\/wp\/v2\/types\/page"}],"author":[{"embeddable":true,"href":"https:\/\/chocangels.fr\/index.php\/wp-json\/wp\/v2\/users\/1"}],"replies":[{"embeddable":true,"href":"https:\/\/chocangels.fr\/index.php\/wp-json\/wp\/v2\/comments?post=4445"}],"version-history":[{"count":105,"href":"https:\/\/chocangels.fr\/index.php\/wp-json\/wp\/v2\/pages\/4445\/revisions"}],"predecessor-version":[{"id":28447,"href":"https:\/\/chocangels.fr\/index.php\/wp-json\/wp\/v2\/pages\/4445\/revisions\/28447"}],"wp:attachment":[{"href":"https:\/\/chocangels.fr\/index.php\/wp-json\/wp\/v2\/media?parent=4445"}],"curies":[{"name":"wp","href":"https:\/\/api.w.org\/{rel}","templated":true}]}}